{"id":276,"date":"2026-02-10T20:13:58","date_gmt":"2026-02-10T20:13:58","guid":{"rendered":"https:\/\/gerardoquintero.com\/?page_id=276"},"modified":"2026-02-17T02:32:02","modified_gmt":"2026-02-17T02:32:02","slug":"about","status":"publish","type":"page","link":"https:\/\/gerardoquintero.com\/es\/about\/","title":{"rendered":"Sobre Nosotros"},"content":{"rendered":"<div data-elementor-type=\"wp-page\" data-elementor-id=\"276\" class=\"elementor elementor-276\" data-elementor-post-type=\"page\">\n\t\t\t\t<div class=\"elementor-element elementor-element-8c1ca90 e-flex e-con-boxed e-con e-parent\" data-id=\"8c1ca90\" data-element_type=\"container\" data-e-type=\"container\" data-settings=\"{&quot;background_background&quot;:&quot;classic&quot;}\">\n\t\t\t\t\t<div class=\"e-con-inner\">\n\t\t\t\t<div class=\"elementor-element elementor-element-0353a11 elementor-widget elementor-widget-heading\" data-id=\"0353a11\" data-element_type=\"widget\" data-e-type=\"widget\" data-widget_type=\"heading.default\">\n\t\t\t\t\t<h1 class=\"elementor-heading-title elementor-size-default\">Empoderando Mentes<\/h1>\t\t\t\t<\/div>\n\t\t\t\t\t<\/div>\n\t\t\t\t<\/div>\n\t\t<div class=\"elementor-element elementor-element-91d5e9c e-flex e-con-boxed e-con e-parent\" data-id=\"91d5e9c\" data-element_type=\"container\" data-e-type=\"container\" data-settings=\"{&quot;background_background&quot;:&quot;classic&quot;}\">\n\t\t\t\t\t<div class=\"e-con-inner\">\n\t\t\t\t<div class=\"elementor-element elementor-element-062431a elementor-widget elementor-widget-heading\" data-id=\"062431a\" data-element_type=\"widget\" data-e-type=\"widget\" data-widget_type=\"heading.default\">\n\t\t\t\t\t<h2 class=\"elementor-heading-title elementor-size-default\">Conoce a Gerardo Quintero: Tu Gu\u00eda<\/h2>\t\t\t\t<\/div>\n\t\t<div class=\"elementor-element elementor-element-fbcb8e0 e-con-full e-flex e-con e-child\" data-id=\"fbcb8e0\" data-element_type=\"container\" data-e-type=\"container\">\n\t\t<div class=\"elementor-element elementor-element-55721ca e-con-full e-flex e-con e-child\" data-id=\"55721ca\" data-element_type=\"container\" data-e-type=\"container\">\n\t\t\t\t<div class=\"elementor-element elementor-element-8e08ae4 elementor-widget elementor-widget-image\" data-id=\"8e08ae4\" data-element_type=\"widget\" data-e-type=\"widget\" data-widget_type=\"image.default\">\n\t\t\t\t\t\t\t\t\t\t\t\t\t\t\t<img fetchpriority=\"high\" decoding=\"async\" width=\"1024\" height=\"1024\" src=\"https:\/\/i0.wp.com\/gerardoquintero.com\/wp-content\/uploads\/2026\/02\/About-Gerardo-Quintero-Psychotherapy.png?fit=1024%2C1024&amp;ssl=1\" class=\"attachment-full size-full wp-image-727\" alt=\"about gerardo quintero psychotherapy\" srcset=\"https:\/\/i0.wp.com\/gerardoquintero.com\/wp-content\/uploads\/2026\/02\/About-Gerardo-Quintero-Psychotherapy.png?w=1024&amp;ssl=1 1024w, https:\/\/i0.wp.com\/gerardoquintero.com\/wp-content\/uploads\/2026\/02\/About-Gerardo-Quintero-Psychotherapy.png?resize=300%2C300&amp;ssl=1 300w, https:\/\/i0.wp.com\/gerardoquintero.com\/wp-content\/uploads\/2026\/02\/About-Gerardo-Quintero-Psychotherapy.png?resize=150%2C150&amp;ssl=1 150w, https:\/\/i0.wp.com\/gerardoquintero.com\/wp-content\/uploads\/2026\/02\/About-Gerardo-Quintero-Psychotherapy.png?resize=768%2C768&amp;ssl=1 768w, https:\/\/i0.wp.com\/gerardoquintero.com\/wp-content\/uploads\/2026\/02\/About-Gerardo-Quintero-Psychotherapy.png?resize=12%2C12&amp;ssl=1 12w\" sizes=\"(max-width: 1024px) 100vw, 1024px\" \/>\t\t\t\t\t\t\t\t\t\t\t\t\t\t\t<\/div>\n\t\t\t\t<\/div>\n\t\t<div class=\"elementor-element elementor-element-df9b9a0 e-con-full e-flex e-con e-child\" data-id=\"df9b9a0\" data-element_type=\"container\" data-e-type=\"container\">\n\t\t\t\t<div class=\"elementor-element elementor-element-a137901 elementor-widget elementor-widget-hfe-infocard\" data-id=\"a137901\" data-element_type=\"widget\" data-e-type=\"widget\" data-widget_type=\"hfe-infocard.default\">\n\t\t\t\t<div class=\"elementor-widget-container\">\n\t\t\t\t\t\n\t\t<div class=\"hfe-infocard\">\n\t\t\t\t\t\t\t\t\t<div class=\"hfe-infocard-title-wrap\">\n\t\t\t\t<h3 class=\"hfe-infocard-title elementor-inline-editing\" data-elementor-setting-key=\"infocard_title\" data-elementor-inline-editing-toolbar=\"basic\" >Gerardo Quintero Psychotherapy es una pr\u00e1ctica biling\u00fce dedicada a ofrecer servicios terap\u00e9uticos compasivos y centrados en la persona. Nuestro enfoque integra diversas modalidades, como la Terapia Cognitivo Conductual (CBT) y t\u00e9cnicas basadas en mindfulness, dise\u00f1adas para ayudar a individuos y familias a alcanzar equilibrio emocional y bienestar integral.<\/h3>\t\t\t<\/div>\n\t\t\t\t\t\t<div class=\"hfe-infocard-text-wrap\">\n\t\t\t\t<div class=\"hfe-infocard-text elementor-inline-editing\" data-elementor-setting-key=\"infocard_description\" data-elementor-inline-editing-toolbar=\"advanced\">\n\t\t\t\t\tFundada sobre la convicci\u00f3n de que todas las personas merecen acceso a recursos de salud mental de calidad, la pr\u00e1ctica de Gerardo Quintero nace con el prop\u00f3sito de servir a la diversa comunidad canadiense. Su compromiso con un tratamiento integral comenz\u00f3 al inicio de su carrera profesional y se ha fortalecido con cada experiencia cl\u00ednica.\t\t\t\t<\/div>\n\t\t\t\t\t\t\t<\/div>\n\t\t<\/div>\n\n\t\t\t\t\t\t<\/div>\n\t\t\t\t<\/div>\n\t\t\t\t<div class=\"elementor-element elementor-element-dbb3f26 elementor-widget elementor-widget-heading\" data-id=\"dbb3f26\" data-element_type=\"widget\" data-e-type=\"widget\" data-widget_type=\"heading.default\">\n\t\t\t\t\t<p class=\"elementor-heading-title elementor-size-default\">A lo largo de su trayectoria, Gerardo ha trabajado con una amplia variedad de personas: adultos, adolescentes, ni\u00f1os, parejas y familias. Su estilo cercano, profesional y respetuoso, junto con su s\u00f3lida formaci\u00f3n cl\u00ednica, ha impactado positivamente la vida de quienes acompa\u00f1a.\n\n<\/p>\t\t\t\t<\/div>\n\t\t\t\t<\/div>\n\t\t\t\t<\/div>\n\t\t\t\t\t<\/div>\n\t\t\t\t<\/div>\n\t\t<div class=\"elementor-element elementor-element-e289fec e-flex e-con-boxed e-con e-parent\" data-id=\"e289fec\" data-element_type=\"container\" data-e-type=\"container\" data-settings=\"{&quot;background_background&quot;:&quot;classic&quot;}\">\n\t\t\t\t\t<div class=\"e-con-inner\">\n\t\t\t\t<div class=\"elementor-element elementor-element-b8a78a3 elementor-widget elementor-widget-image-box\" data-id=\"b8a78a3\" data-element_type=\"widget\" data-e-type=\"widget\" data-widget_type=\"image-box.default\">\n\t\t\t\t\t<div class=\"elementor-image-box-wrapper\"><div class=\"elementor-image-box-content\"><h2 class=\"elementor-image-box-title\">Nuestros Valores<\/h2><p class=\"elementor-image-box-description\">En Gerardo Quintero Psychotherapy, nuestros valores orientan cada aspecto de nuestra labor, garantizando un servicio \u00e9tico, profesional y humano.<\/p><\/div><\/div>\t\t\t\t<\/div>\n\t\t<div class=\"elementor-element elementor-element-2d283a9 e-con-full e-flex e-con e-child\" data-id=\"2d283a9\" data-element_type=\"container\" data-e-type=\"container\">\n\t\t\t\t<div class=\"elementor-element elementor-element-92b0142 elementor-widget elementor-widget-hfe-infocard\" data-id=\"92b0142\" data-element_type=\"widget\" data-e-type=\"widget\" data-widget_type=\"hfe-infocard.default\">\n\t\t\t\t<div class=\"elementor-widget-container\">\n\t\t\t\t\t\n\t\t<div class=\"hfe-infocard\">\n\t\t\t\t\t\t\t\t\t<div class=\"hfe-infocard-title-wrap\">\n\t\t\t\t<h3 class=\"hfe-infocard-title elementor-inline-editing\" data-elementor-setting-key=\"infocard_title\" data-elementor-inline-editing-toolbar=\"basic\" >Empat\u00eda y Comprensi\u00f3n<\/h3>\t\t\t<\/div>\n\t\t\t\t\t\t<div class=\"hfe-infocard-text-wrap\">\n\t\t\t\t<div class=\"hfe-infocard-text elementor-inline-editing\" data-elementor-setting-key=\"infocard_description\" data-elementor-inline-editing-toolbar=\"advanced\">\n\t\t\t\t\tAcompa\u00f1amos a cada persona con respeto y sensibilidad, creando un espacio seguro para explorar emociones, desaf\u00edos y procesos de sanaci\u00f3n.\t\t\t\t<\/div>\n\t\t\t\t\t\t\t<\/div>\n\t\t<\/div>\n\n\t\t\t\t\t\t<\/div>\n\t\t\t\t<\/div>\n\t\t\t\t<div class=\"elementor-element elementor-element-65bad04 elementor-widget elementor-widget-hfe-infocard\" data-id=\"65bad04\" data-element_type=\"widget\" data-e-type=\"widget\" data-widget_type=\"hfe-infocard.default\">\n\t\t\t\t<div class=\"elementor-widget-container\">\n\t\t\t\t\t\n\t\t<div class=\"hfe-infocard\">\n\t\t\t\t\t\t\t\t\t<div class=\"hfe-infocard-title-wrap\">\n\t\t\t\t<h3 class=\"hfe-infocard-title elementor-inline-editing\" data-elementor-setting-key=\"infocard_title\" data-elementor-inline-editing-toolbar=\"basic\" >Integridad y \u00e9tica profesional<\/h3>\t\t\t<\/div>\n\t\t\t\t\t\t<div class=\"hfe-infocard-text-wrap\">\n\t\t\t\t<div class=\"hfe-infocard-text elementor-inline-editing\" data-elementor-setting-key=\"infocard_description\" data-elementor-inline-editing-toolbar=\"advanced\">\n\t\t\t\t\tNos comprometemos a mantener pr\u00e1cticas honestas y \u00e9ticas, fortaleciendo la confianza en el proceso terap\u00e9utico.\t\t\t\t<\/div>\n\t\t\t\t\t\t\t<\/div>\n\t\t<\/div>\n\n\t\t\t\t\t\t<\/div>\n\t\t\t\t<\/div>\n\t\t\t\t<div class=\"elementor-element elementor-element-6c6fe66 elementor-widget elementor-widget-hfe-infocard\" data-id=\"6c6fe66\" data-element_type=\"widget\" data-e-type=\"widget\" data-widget_type=\"hfe-infocard.default\">\n\t\t\t\t<div class=\"elementor-widget-container\">\n\t\t\t\t\t\n\t\t<div class=\"hfe-infocard\">\n\t\t\t\t\t\t\t\t\t<div class=\"hfe-infocard-title-wrap\">\n\t\t\t\t<h3 class=\"hfe-infocard-title elementor-inline-editing\" data-elementor-setting-key=\"infocard_title\" data-elementor-inline-editing-toolbar=\"basic\" >Empoderamiento personal<\/h3>\t\t\t<\/div>\n\t\t\t\t\t\t<div class=\"hfe-infocard-text-wrap\">\n\t\t\t\t<div class=\"hfe-infocard-text elementor-inline-editing\" data-elementor-setting-key=\"infocard_description\" data-elementor-inline-editing-toolbar=\"advanced\">\n\t\t\t\t\tCreemos en el potencial de cada persona. Trabajamos para que reconozcas tus fortalezas y desarrolles herramientas que te permitan afrontar los retos de la vida con mayor seguridad y claridad.\t\t\t\t<\/div>\n\t\t\t\t\t\t\t<\/div>\n\t\t<\/div>\n\n\t\t\t\t\t\t<\/div>\n\t\t\t\t<\/div>\n\t\t\t\t<\/div>\n\t\t\t\t\t<\/div>\n\t\t\t\t<\/div>\n\t\t<div class=\"elementor-element elementor-element-b5f6d58 e-grid e-con-full e-con e-parent\" data-id=\"b5f6d58\" data-element_type=\"container\" data-e-type=\"container\">\n\t\t<div class=\"elementor-element elementor-element-b7707a8 e-con-full e-flex e-con e-child\" data-id=\"b7707a8\" data-element_type=\"container\" data-e-type=\"container\" data-settings=\"{&quot;background_background&quot;:&quot;classic&quot;}\">\n\t\t\t\t<div class=\"elementor-element elementor-element-2c7d43b elementor-widget elementor-widget-image-box\" data-id=\"2c7d43b\" data-element_type=\"widget\" data-e-type=\"widget\" data-widget_type=\"image-box.default\">\n\t\t\t\t\t<div class=\"elementor-image-box-wrapper\"><div class=\"elementor-image-box-content\"><h2 class=\"elementor-image-box-title\">Comienza tu proceso de sanaci\u00f3n<\/h2><p class=\"elementor-image-box-description\">Da hoy el primer paso hacia una mente m\u00e1s saludable y una vida m\u00e1s plena. Estamos aqu\u00ed para acompa\u00f1arte.<\/p><\/div><\/div>\t\t\t\t<\/div>\n\t\t\t\t<div class=\"elementor-element elementor-element-994bd4d elementor-align-center e-transform elementor-widget elementor-widget-button\" data-id=\"994bd4d\" data-element_type=\"widget\" data-e-type=\"widget\" data-settings=\"{&quot;_transform_scale_effect_hover&quot;:{&quot;unit&quot;:&quot;px&quot;,&quot;size&quot;:1.1,&quot;sizes&quot;:[]},&quot;_transform_scale_effect_hover_tablet&quot;:{&quot;unit&quot;:&quot;px&quot;,&quot;size&quot;:&quot;&quot;,&quot;sizes&quot;:[]},&quot;_transform_scale_effect_hover_mobile&quot;:{&quot;unit&quot;:&quot;px&quot;,&quot;size&quot;:&quot;&quot;,&quot;sizes&quot;:[]}}\" data-widget_type=\"button.default\">\n\t\t\t\t\t\t\t\t\t\t<a class=\"elementor-button elementor-button-link elementor-size-sm\" href=\"https:\/\/tidycal.com\/gq-clinic\/free-15-minute-meeting-consultation\">\n\t\t\t\t\t\t<span class=\"elementor-button-content-wrapper\">\n\t\t\t\t\t\t\t\t\t<span class=\"elementor-button-text\">Agende 15 Minutos Gratis<\/span>\n\t\t\t\t\t<\/span>\n\t\t\t\t\t<\/a>\n\t\t\t\t\t\t\t\t<\/div>\n\t\t\t\t<\/div>\n\t\t\t\t<\/div>\n\t\t\t\t<\/div>","protected":false},"excerpt":{"rendered":"<p>Empowering Minds Meet Gerardo Quintero: Your Guide Gerardo Quintero Psychotherapy is a bilingual practice dedicated to providing compassionate, client-centered therapeutic [&hellip;]<\/p>\n","protected":false},"author":2,"featured_media":0,"parent":0,"menu_order":0,"comment_status":"closed","ping_status":"closed","template":"","meta":{"site-sidebar-layout":"no-sidebar","site-content-layout":"","ast-site-content-layout":"full-width-container","site-content-style":"default","site-sidebar-style":"default","ast-global-header-display":"","ast-banner-title-visibility":"","ast-main-header-display":"","ast-hfb-above-header-display":"","ast-hfb-below-header-display":"","ast-hfb-mobile-header-display":"","site-post-title":"disabled","ast-breadcrumbs-content":"","ast-featured-img":"disabled","footer-sml-layout":"","ast-disable-related-posts":"","theme-transparent-header-meta":"","adv-header-id-meta":"","stick-header-meta":"","header-above-stick-meta":"","header-main-stick-meta":"","header-below-stick-meta":"","astra-migrate-meta-layouts":"default","ast-page-background-enabled":"default","ast-page-background-meta":{"desktop":{"background-color":"var(--ast-global-color-5)","background-image":"","background-repeat":"repeat","background-position":"center center","background-size":"auto","background-attachment":"scroll","background-type":"","background-media":"","overlay-type":"","overlay-color":"","overlay-opacity":"","overlay-gradient":""},"tablet":{"background-color":"","background-image":"","background-repeat":"repeat","background-position":"center center","background-size":"auto","background-attachment":"scroll","background-type":"","background-media":"","overlay-type":"","overlay-color":"","overlay-opacity":"","overlay-gradient":""},"mobile":{"background-color":"","background-image":"","background-repeat":"repeat","background-position":"center center","background-size":"auto","background-attachment":"scroll","background-type":"","background-media":"","overlay-type":"","overlay-color":"","overlay-opacity":"","overlay-gradient":""}},"ast-content-background-meta":{"desktop":{"background-color":"var(--ast-global-color-4)","background-image":"","background-repeat":"repeat","background-position":"center center","background-size":"auto","background-attachment":"scroll","background-type":"","background-media":"","overlay-type":"","overlay-color":"","overlay-opacity":"","overlay-gradient":""},"tablet":{"background-color":"var(--ast-global-color-4)","background-image":"","background-repeat":"repeat","background-position":"center center","background-size":"auto","background-attachment":"scroll","background-type":"","background-media":"","overlay-type":"","overlay-color":"","overlay-opacity":"","overlay-gradient":""},"mobile":{"background-color":"var(--ast-global-color-4)","background-image":"","background-repeat":"repeat","background-position":"center center","background-size":"auto","background-attachment":"scroll","background-type":"","background-media":"","overlay-type":"","overlay-color":"","overlay-opacity":"","overlay-gradient":""}},"footnotes":""},"class_list":["post-276","page","type-page","status-publish","hentry"],"yoast_head":"<!-- This site is optimized with the Yoast SEO plugin v27.3 - https:\/\/yoast.com\/product\/yoast-seo-wordpress\/ -->\n<title>About - Gerardo Quintero Psychotherapy<\/title>\n<meta name=\"robots\" content=\"index, follow, max-snippet:-1, max-image-preview:large, max-video-preview:-1\" \/>\n<link rel=\"canonical\" href=\"https:\/\/gerardoquintero.com\/es\/about\/\" \/>\n<meta property=\"og:locale\" content=\"es_MX\" \/>\n<meta property=\"og:type\" content=\"article\" \/>\n<meta property=\"og:title\" content=\"About - Gerardo Quintero Psychotherapy\" \/>\n<meta property=\"og:description\" content=\"Empowering Minds Meet Gerardo Quintero: Your Guide Gerardo Quintero Psychotherapy is a bilingual practice dedicated to providing compassionate, client-centered therapeutic [&hellip;]\" \/>\n<meta property=\"og:url\" content=\"https:\/\/gerardoquintero.com\/es\/about\/\" \/>\n<meta property=\"og:site_name\" content=\"Gerardo Quintero Psychotherapy\" \/>\n<meta property=\"article:modified_time\" content=\"2026-02-17T02:32:02+00:00\" \/>\n<meta property=\"og:image\" content=\"https:\/\/i0.wp.com\/gerardoquintero.com\/wp-content\/uploads\/2026\/02\/About-Gerardo-Quintero-Psychotherapy.png?fit=1024%2C1024&ssl=1\" \/>\n\t<meta property=\"og:image:width\" content=\"1024\" \/>\n\t<meta property=\"og:image:height\" content=\"1024\" \/>\n\t<meta property=\"og:image:type\" content=\"image\/png\" \/>\n<meta name=\"twitter:card\" content=\"summary_large_image\" \/>\n<meta name=\"twitter:label1\" content=\"Tiempo de lectura\" \/>\n\t<meta name=\"twitter:data1\" content=\"1 minuto\" \/>\n<script type=\"application\/ld+json\" class=\"yoast-schema-graph\">{\"@context\":\"https:\\\/\\\/schema.org\",\"@graph\":[{\"@type\":\"WebPage\",\"@id\":\"https:\\\/\\\/gerardoquintero.com\\\/about\\\/\",\"url\":\"https:\\\/\\\/gerardoquintero.com\\\/about\\\/\",\"name\":\"About - Gerardo Quintero Psychotherapy\",\"isPartOf\":{\"@id\":\"https:\\\/\\\/gerardoquintero.com\\\/#website\"},\"primaryImageOfPage\":{\"@id\":\"https:\\\/\\\/gerardoquintero.com\\\/about\\\/#primaryimage\"},\"image\":{\"@id\":\"https:\\\/\\\/gerardoquintero.com\\\/about\\\/#primaryimage\"},\"thumbnailUrl\":\"https:\\\/\\\/gerardoquintero.com\\\/wp-content\\\/uploads\\\/2026\\\/02\\\/About-Gerardo-Quintero-Psychotherapy.png\",\"datePublished\":\"2026-02-10T20:13:58+00:00\",\"dateModified\":\"2026-02-17T02:32:02+00:00\",\"breadcrumb\":{\"@id\":\"https:\\\/\\\/gerardoquintero.com\\\/about\\\/#breadcrumb\"},\"inLanguage\":\"es\",\"potentialAction\":[{\"@type\":\"ReadAction\",\"target\":[\"https:\\\/\\\/gerardoquintero.com\\\/about\\\/\"]}]},{\"@type\":\"ImageObject\",\"inLanguage\":\"es\",\"@id\":\"https:\\\/\\\/gerardoquintero.com\\\/about\\\/#primaryimage\",\"url\":\"https:\\\/\\\/gerardoquintero.com\\\/wp-content\\\/uploads\\\/2026\\\/02\\\/About-Gerardo-Quintero-Psychotherapy.png\",\"contentUrl\":\"https:\\\/\\\/gerardoquintero.com\\\/wp-content\\\/uploads\\\/2026\\\/02\\\/About-Gerardo-Quintero-Psychotherapy.png\"},{\"@type\":\"BreadcrumbList\",\"@id\":\"https:\\\/\\\/gerardoquintero.com\\\/about\\\/#breadcrumb\",\"itemListElement\":[{\"@type\":\"ListItem\",\"position\":1,\"name\":\"Home\",\"item\":\"https:\\\/\\\/gerardoquintero.com\\\/\"},{\"@type\":\"ListItem\",\"position\":2,\"name\":\"About\"}]},{\"@type\":\"WebSite\",\"@id\":\"https:\\\/\\\/gerardoquintero.com\\\/#website\",\"url\":\"https:\\\/\\\/gerardoquintero.com\\\/\",\"name\":\"Gerardo Quintero Psychotherapy\",\"description\":\"English &amp; Spanish Psychotherapy in Etobicoke and Mississauga\",\"publisher\":{\"@id\":\"https:\\\/\\\/gerardoquintero.com\\\/#organization\"},\"potentialAction\":[{\"@type\":\"SearchAction\",\"target\":{\"@type\":\"EntryPoint\",\"urlTemplate\":\"https:\\\/\\\/gerardoquintero.com\\\/?s={search_term_string}\"},\"query-input\":{\"@type\":\"PropertyValueSpecification\",\"valueRequired\":true,\"valueName\":\"search_term_string\"}}],\"inLanguage\":\"es\"},{\"@type\":\"Organization\",\"@id\":\"https:\\\/\\\/gerardoquintero.com\\\/#organization\",\"name\":\"Gerardo Quintero Psychotherapy\",\"url\":\"https:\\\/\\\/gerardoquintero.com\\\/\",\"logo\":{\"@type\":\"ImageObject\",\"inLanguage\":\"es\",\"@id\":\"https:\\\/\\\/gerardoquintero.com\\\/#\\\/schema\\\/logo\\\/image\\\/\",\"url\":\"https:\\\/\\\/i0.wp.com\\\/gerardoquintero.com\\\/wp-content\\\/uploads\\\/2026\\\/02\\\/Logo-horizonta-nuevo.png?fit=468%2C162&ssl=1\",\"contentUrl\":\"https:\\\/\\\/i0.wp.com\\\/gerardoquintero.com\\\/wp-content\\\/uploads\\\/2026\\\/02\\\/Logo-horizonta-nuevo.png?fit=468%2C162&ssl=1\",\"width\":468,\"height\":162,\"caption\":\"Gerardo Quintero Psychotherapy\"},\"image\":{\"@id\":\"https:\\\/\\\/gerardoquintero.com\\\/#\\\/schema\\\/logo\\\/image\\\/\"}}]}<\/script>\n<!-- \/ Yoast SEO plugin. -->","yoast_head_json":{"title":"About - Gerardo Quintero Psychotherapy","robots":{"index":"index","follow":"follow","max-snippet":"max-snippet:-1","max-image-preview":"max-image-preview:large","max-video-preview":"max-video-preview:-1"},"canonical":"https:\/\/gerardoquintero.com\/es\/about\/","og_locale":"es_MX","og_type":"article","og_title":"About - Gerardo Quintero Psychotherapy","og_description":"Empowering Minds Meet Gerardo Quintero: Your Guide Gerardo Quintero Psychotherapy is a bilingual practice dedicated to providing compassionate, client-centered therapeutic [&hellip;]","og_url":"https:\/\/gerardoquintero.com\/es\/about\/","og_site_name":"Gerardo Quintero Psychotherapy","article_modified_time":"2026-02-17T02:32:02+00:00","og_image":[{"width":1024,"height":1024,"url":"https:\/\/i0.wp.com\/gerardoquintero.com\/wp-content\/uploads\/2026\/02\/About-Gerardo-Quintero-Psychotherapy.png?fit=1024%2C1024&ssl=1","type":"image\/png"}],"twitter_card":"summary_large_image","twitter_misc":{"Tiempo de lectura":"1 minuto"},"schema":{"@context":"https:\/\/schema.org","@graph":[{"@type":"WebPage","@id":"https:\/\/gerardoquintero.com\/about\/","url":"https:\/\/gerardoquintero.com\/about\/","name":"About - Gerardo Quintero Psychotherapy","isPartOf":{"@id":"https:\/\/gerardoquintero.com\/#website"},"primaryImageOfPage":{"@id":"https:\/\/gerardoquintero.com\/about\/#primaryimage"},"image":{"@id":"https:\/\/gerardoquintero.com\/about\/#primaryimage"},"thumbnailUrl":"https:\/\/gerardoquintero.com\/wp-content\/uploads\/2026\/02\/About-Gerardo-Quintero-Psychotherapy.png","datePublished":"2026-02-10T20:13:58+00:00","dateModified":"2026-02-17T02:32:02+00:00","breadcrumb":{"@id":"https:\/\/gerardoquintero.com\/about\/#breadcrumb"},"inLanguage":"es","potentialAction":[{"@type":"ReadAction","target":["https:\/\/gerardoquintero.com\/about\/"]}]},{"@type":"ImageObject","inLanguage":"es","@id":"https:\/\/gerardoquintero.com\/about\/#primaryimage","url":"https:\/\/gerardoquintero.com\/wp-content\/uploads\/2026\/02\/About-Gerardo-Quintero-Psychotherapy.png","contentUrl":"https:\/\/gerardoquintero.com\/wp-content\/uploads\/2026\/02\/About-Gerardo-Quintero-Psychotherapy.png"},{"@type":"BreadcrumbList","@id":"https:\/\/gerardoquintero.com\/about\/#breadcrumb","itemListElement":[{"@type":"ListItem","position":1,"name":"Home","item":"https:\/\/gerardoquintero.com\/"},{"@type":"ListItem","position":2,"name":"About"}]},{"@type":"WebSite","@id":"https:\/\/gerardoquintero.com\/#website","url":"https:\/\/gerardoquintero.com\/","name":"Gerardo Quintero Psychotherapy","description":"English &amp; Spanish Psychotherapy in Etobicoke and Mississauga","publisher":{"@id":"https:\/\/gerardoquintero.com\/#organization"},"potentialAction":[{"@type":"SearchAction","target":{"@type":"EntryPoint","urlTemplate":"https:\/\/gerardoquintero.com\/?s={search_term_string}"},"query-input":{"@type":"PropertyValueSpecification","valueRequired":true,"valueName":"search_term_string"}}],"inLanguage":"es"},{"@type":"Organization","@id":"https:\/\/gerardoquintero.com\/#organization","name":"Gerardo Quintero Psychotherapy","url":"https:\/\/gerardoquintero.com\/","logo":{"@type":"ImageObject","inLanguage":"es","@id":"https:\/\/gerardoquintero.com\/#\/schema\/logo\/image\/","url":"https:\/\/i0.wp.com\/gerardoquintero.com\/wp-content\/uploads\/2026\/02\/Logo-horizonta-nuevo.png?fit=468%2C162&ssl=1","contentUrl":"https:\/\/i0.wp.com\/gerardoquintero.com\/wp-content\/uploads\/2026\/02\/Logo-horizonta-nuevo.png?fit=468%2C162&ssl=1","width":468,"height":162,"caption":"Gerardo Quintero Psychotherapy"},"image":{"@id":"https:\/\/gerardoquintero.com\/#\/schema\/logo\/image\/"}}]}},"jetpack_sharing_enabled":true,"_links":{"self":[{"href":"https:\/\/gerardoquintero.com\/es\/wp-json\/wp\/v2\/pages\/276","targetHints":{"allow":["GET"]}}],"collection":[{"href":"https:\/\/gerardoquintero.com\/es\/wp-json\/wp\/v2\/pages"}],"about":[{"href":"https:\/\/gerardoquintero.com\/es\/wp-json\/wp\/v2\/types\/page"}],"author":[{"embeddable":true,"href":"https:\/\/gerardoquintero.com\/es\/wp-json\/wp\/v2\/users\/2"}],"replies":[{"embeddable":true,"href":"https:\/\/gerardoquintero.com\/es\/wp-json\/wp\/v2\/comments?post=276"}],"version-history":[{"count":5,"href":"https:\/\/gerardoquintero.com\/es\/wp-json\/wp\/v2\/pages\/276\/revisions"}],"predecessor-version":[{"id":733,"href":"https:\/\/gerardoquintero.com\/es\/wp-json\/wp\/v2\/pages\/276\/revisions\/733"}],"wp:attachment":[{"href":"https:\/\/gerardoquintero.com\/es\/wp-json\/wp\/v2\/media?parent=276"}],"curies":[{"name":"wp","href":"https:\/\/api.w.org\/{rel}","templated":true}]}}